{"id":121,"date":"2017-11-25T21:09:31","date_gmt":"2017-11-25T20:09:31","guid":{"rendered":"http:\/\/www.xn--knigsbergerhof-vpb.at\/?page_id=121"},"modified":"2024-11-13T21:15:19","modified_gmt":"2024-11-13T20:15:19","slug":"honig","status":"publish","type":"page","link":"http:\/\/www.xn--knigsbergerhof-vpb.at\/?page_id=121","title":{"rendered":"Klassische Honige"},"content":{"rendered":"<table>\n<tbody>\n<tr style=\"height: 232px;\">\n<td style=\"text-align: center; height: 232px;\"><strong>Bl\u00fctenhonig<\/strong><\/td>\n<td style=\"height: 232px;\"><img loading=\"lazy\" decoding=\"async\" class=\"alignnone size-medium wp-image-137\" src=\"http:\/\/www.xn--knigsbergerhof-vpb.at\/wp-content\/uploads\/2017\/11\/Honig_Bluete_2er-300x235.jpg\" alt=\"\" width=\"300\" height=\"235\" srcset=\"http:\/\/www.xn--knigsbergerhof-vpb.at\/wp-content\/uploads\/2017\/11\/Honig_Bluete_2er-300x235.jpg 300w, http:\/\/www.xn--knigsbergerhof-vpb.at\/wp-content\/uploads\/2017\/11\/Honig_Bluete_2er.jpg 337w\" sizes=\"auto, (max-width: 300px) 100vw, 300px\" \/><\/td>\n<\/tr>\n<tr style=\"height: 16px;\">\n<td style=\"height: 16px; text-align: center;\" colspan=\"2\">Fl\u00fcssiger Honig von der Lindenbl\u00fcte oder dem Bienenstand im Kr\u00e4utergarten der G\u00e4rtnerei Sch\u00fctzenhofer.<\/td>\n<\/tr>\n<tr style=\"height: 16px;\">\n<td style=\"height: 16px; text-align: center;\">500g\u00a0\u00a0 7,50\u20ac<\/td>\n<td style=\"height: 16px; text-align: center;\">1kg\u00a0 \u00a013\u20ac<\/td>\n<\/tr>\n<\/tbody>\n<\/table>\n<table>\n<tbody>\n<tr style=\"height: 232px;\">\n<td style=\"text-align: center; height: 232px;\"><strong>Bl\u00fcte-Waldhonig<\/strong><\/td>\n<td style=\"height: 232px;\"><img loading=\"lazy\" decoding=\"async\" class=\"alignnone size-medium wp-image-138\" src=\"http:\/\/www.xn--knigsbergerhof-vpb.at\/wp-content\/uploads\/2017\/11\/Honig_BlueteWald_3er-300x160.jpg\" alt=\"\" width=\"300\" height=\"160\" srcset=\"http:\/\/www.xn--knigsbergerhof-vpb.at\/wp-content\/uploads\/2017\/11\/Honig_BlueteWald_3er-300x160.jpg 300w, http:\/\/www.xn--knigsbergerhof-vpb.at\/wp-content\/uploads\/2017\/11\/Honig_BlueteWald_3er.jpg 404w\" sizes=\"auto, (max-width: 300px) 100vw, 300px\" \/><\/td>\n<\/tr>\n<tr style=\"height: 16px;\">\n<td style=\"height: 16px; text-align: center;\" colspan=\"2\">Fl\u00fcssiger Honig \u2013 Eine Mischung aus Honigtauhonig und Bl\u00fctenhonig.<\/td>\n<\/tr>\n<tr style=\"height: 16px;\">\n<td style=\"height: 16px; text-align: center;\">250g\u00a0 5,--\u20ac\u00a0 \u00a0 \u00a0 \u00a0 \u00a0 \u00a0 \u00a0 \u00a0 \u00a0 \u00a0 \u00a0 \u00a0 \u00a0 500g\u00a0\u00a0 7,50\u20ac<\/td>\n<td style=\"height: 16px; text-align: center;\">1kg\u00a0 \u00a013\u20ac<\/td>\n<\/tr>\n<\/tbody>\n<\/table>\n<table>\n<tbody>\n<tr style=\"height: 232px;\">\n<td style=\"text-align: center; height: 232px;\"><strong>Waldhonig<\/strong><\/td>\n<td style=\"height: 232px;\"><img loading=\"lazy\" decoding=\"async\" class=\"alignnone size-medium wp-image-136\" src=\"http:\/\/www.xn--knigsbergerhof-vpb.at\/wp-content\/uploads\/2017\/11\/Honig_Wald_3er-300x166.jpg\" alt=\"\" width=\"300\" height=\"166\" srcset=\"http:\/\/www.xn--knigsbergerhof-vpb.at\/wp-content\/uploads\/2017\/11\/Honig_Wald_3er-300x166.jpg 300w, http:\/\/www.xn--knigsbergerhof-vpb.at\/wp-content\/uploads\/2017\/11\/Honig_Wald_3er.jpg 463w\" sizes=\"auto, (max-width: 300px) 100vw, 300px\" \/><\/td>\n<\/tr>\n<tr style=\"height: 16px;\">\n<td style=\"height: 16px; text-align: center;\" colspan=\"2\">Dunkelfl\u00fcssiger Honig, Honigtauhonig. In unserer Gegend honigt der Wald leider nicht jedes Jahr. Dieser Honig ist nicht immer verf\u00fcgbar.<\/td>\n<\/tr>\n<tr style=\"height: 16px;\">\n<td style=\"height: 16px;\">250g\u00a0\u00a0 5,50\u20ac\u00a0 \u00a0 \u00a0 \u00a0 \u00a0 \u00a0 \u00a0 \u00a0 \u00a0 \u00a0 \u00a0 \u00a0 \u00a0500g\u00a0\u00a0 8\u20ac<\/td>\n<td style=\"height: 16px; text-align: center;\">1kg\u00a0 \u00a013,50 \u20ac<\/td>\n<\/tr>\n<\/tbody>\n<\/table>\n<table style=\"border-collapse: collapse; width: 100%; height: 268px;\">\n<tbody>\n<tr style=\"height: 240px;\">\n<td style=\"width: 48.72%; text-align: center; height: 240px;\"><strong>Wabenbau im Honigglas<\/strong><\/td>\n<td style=\"width: 51.28%; height: 240px;\"><img loading=\"lazy\" decoding=\"async\" class=\"alignnone size-medium wp-image-1004\" src=\"http:\/\/www.xn--knigsbergerhof-vpb.at\/wp-content\/uploads\/2024\/11\/Wabenhonig2-1-von-2-300x200.jpg\" alt=\"\" width=\"300\" height=\"200\" srcset=\"http:\/\/www.xn--knigsbergerhof-vpb.at\/wp-content\/uploads\/2024\/11\/Wabenhonig2-1-von-2-300x200.jpg 300w, http:\/\/www.xn--knigsbergerhof-vpb.at\/wp-content\/uploads\/2024\/11\/Wabenhonig2-1-von-2-1024x683.jpg 1024w, http:\/\/www.xn--knigsbergerhof-vpb.at\/wp-content\/uploads\/2024\/11\/Wabenhonig2-1-von-2-768x513.jpg 768w, http:\/\/www.xn--knigsbergerhof-vpb.at\/wp-content\/uploads\/2024\/11\/Wabenhonig2-1-von-2-1536x1025.jpg 1536w, http:\/\/www.xn--knigsbergerhof-vpb.at\/wp-content\/uploads\/2024\/11\/Wabenhonig2-1-von-2-2048x1367.jpg 2048w, http:\/\/www.xn--knigsbergerhof-vpb.at\/wp-content\/uploads\/2024\/11\/Wabenhonig2-1-von-2-960x641.jpg 960w\" sizes=\"auto, (max-width: 300px) 100vw, 300px\" \/><\/td>\n<\/tr>\n<tr style=\"height: 28px;\">\n<td style=\"width: 48.72%; height: 28px;\"><\/td>\n<td style=\"width: 51.28%; height: 28px; text-align: center;\">500g\u00a0\u00a0 \u20ac 15,--<\/td>\n<\/tr>\n<\/tbody>\n<\/table>\n<table style=\"border-collapse: collapse; width: 100%; height: 268px;\">\n<tbody>\n<tr style=\"height: 240px;\">\n<td style=\"width: 50%; height: 240px; text-align: center;\"><strong>Wabenst\u00fcck im Glas<\/strong><\/td>\n<td style=\"width: 50%; height: 240px;\"><img loading=\"lazy\" decoding=\"async\" class=\"alignnone size-medium wp-image-1005\" src=\"http:\/\/www.xn--knigsbergerhof-vpb.at\/wp-content\/uploads\/2024\/11\/Wabenhonig2-2-von-2-300x200.jpg\" alt=\"\" width=\"300\" height=\"200\" srcset=\"http:\/\/www.xn--knigsbergerhof-vpb.at\/wp-content\/uploads\/2024\/11\/Wabenhonig2-2-von-2-300x200.jpg 300w, http:\/\/www.xn--knigsbergerhof-vpb.at\/wp-content\/uploads\/2024\/11\/Wabenhonig2-2-von-2-1024x683.jpg 1024w, http:\/\/www.xn--knigsbergerhof-vpb.at\/wp-content\/uploads\/2024\/11\/Wabenhonig2-2-von-2-768x512.jpg 768w, http:\/\/www.xn--knigsbergerhof-vpb.at\/wp-content\/uploads\/2024\/11\/Wabenhonig2-2-von-2-1536x1025.jpg 1536w, http:\/\/www.xn--knigsbergerhof-vpb.at\/wp-content\/uploads\/2024\/11\/Wabenhonig2-2-von-2-2048x1366.jpg 2048w, http:\/\/www.xn--knigsbergerhof-vpb.at\/wp-content\/uploads\/2024\/11\/Wabenhonig2-2-von-2-960x640.jpg 960w\" sizes=\"auto, (max-width: 300px) 100vw, 300px\" \/><\/td>\n<\/tr>\n<tr style=\"height: 28px;\">\n<td style=\"width: 50%; height: 28px;\"><\/td>\n<td style=\"width: 50%; height: 28px; text-align: center;\">500g\u00a0\u00a0 \u20ac 12,--<\/td>\n<\/tr>\n<\/tbody>\n<\/table>\n<table>\n<tbody>\n<tr style=\"height: 232px;\">\n<td style=\"text-align: center; height: 232px;\"><strong>Cremehonig<\/strong><\/td>\n<td style=\"height: 232px;\"><img loading=\"lazy\" decoding=\"async\" class=\"alignnone size-medium wp-image-135\" src=\"http:\/\/www.xn--knigsbergerhof-vpb.at\/wp-content\/uploads\/2017\/11\/Honig_Creme_3er-300x180.jpg\" alt=\"\" width=\"300\" height=\"180\" srcset=\"http:\/\/www.xn--knigsbergerhof-vpb.at\/wp-content\/uploads\/2017\/11\/Honig_Creme_3er-300x180.jpg 300w, http:\/\/www.xn--knigsbergerhof-vpb.at\/wp-content\/uploads\/2017\/11\/Honig_Creme_3er.jpg 411w\" sizes=\"auto, (max-width: 300px) 100vw, 300px\" \/><\/td>\n<\/tr>\n<tr style=\"height: 16px;\">\n<td style=\"height: 16px; text-align: center;\" colspan=\"2\">Ger\u00fchrter Bl\u00fctenhonig<\/td>\n<\/tr>\n<tr style=\"height: 16px;\">\n<td style=\"height: 16px;\">250g\u00a0\u00a0 5,--\u20ac\u00a0 \u00a0 \u00a0 \u00a0 \u00a0 \u00a0 \u00a0 \u00a0 \u00a0 \u00a0 \u00a0 \u00a0 \u00a0500g\u00a0\u00a0 7,50\u20ac<\/td>\n<td style=\"height: 16px; text-align: center;\">1kg\u00a0 \u00a013\u20ac<\/td>\n<\/tr>\n<\/tbody>\n<\/table>\n<div id=\"metaslider-id-9\" style=\"max-width: 760px;\" class=\"ml-slider-3-108-0 metaslider metaslider-flex metaslider-9 ml-slider has-dots-nav ms-theme-default\" role=\"region\" aria-label=\"Beitrag?\" data-height=\"350\" data-width=\"760\">\n    <div id=\"metaslider_container_9\">\n        <div id=\"metaslider_9\">\n            <ul class='slides'>\n                <li style=\"display: block; width: 100%;\" class=\"slide-107 ms-image \" aria-roledescription=\"slide\" data-date=\"2017-04-23 16:37:51\" data-filename=\"Bienen-06-760x350.jpg\" data-slide-type=\"image\"><img loading=\"lazy\" decoding=\"async\" src=\"http:\/\/www.xn--knigsbergerhof-vpb.at\/wp-content\/uploads\/2017\/04\/Bienen-06-760x350.jpg\" height=\"350\" width=\"760\" alt=\"\" class=\"slider-9 slide-107 msDefaultImage\" \/><\/li>\n                <li style=\"display: none; width: 100%;\" class=\"slide-109 ms-image \" aria-roledescription=\"slide\" data-date=\"2017-04-23 16:37:51\" data-filename=\"Bienen-19-760x350.jpg\" data-slide-type=\"image\"><img loading=\"lazy\" decoding=\"async\" src=\"http:\/\/www.xn--knigsbergerhof-vpb.at\/wp-content\/uploads\/2017\/04\/Bienen-19-760x350.jpg\" height=\"350\" width=\"760\" alt=\"\" class=\"slider-9 slide-109 msDefaultImage\" \/><\/li>\n                <li style=\"display: none; width: 100%;\" class=\"slide-110 ms-image \" aria-roledescription=\"slide\" data-date=\"2017-04-23 16:37:51\" data-filename=\"Bienen-31-760x350.jpg\" data-slide-type=\"image\"><img loading=\"lazy\" decoding=\"async\" src=\"http:\/\/www.xn--knigsbergerhof-vpb.at\/wp-content\/uploads\/2017\/04\/Bienen-31-760x350.jpg\" height=\"350\" width=\"760\" alt=\"\" class=\"slider-9 slide-110 msDefaultImage\" \/><\/li>\n                <li style=\"display: none; width: 100%;\" class=\"slide-111 ms-image \" aria-roledescription=\"slide\" data-date=\"2017-04-23 16:37:51\" data-filename=\"Bienen-44-760x350.jpg\" data-slide-type=\"image\"><img loading=\"lazy\" decoding=\"async\" src=\"http:\/\/www.xn--knigsbergerhof-vpb.at\/wp-content\/uploads\/2017\/04\/Bienen-44-760x350.jpg\" height=\"350\" width=\"760\" alt=\"\" class=\"slider-9 slide-111 msDefaultImage\" \/><\/li>\n                <li style=\"display: none; width: 100%;\" class=\"slide-112 ms-image \" aria-roledescription=\"slide\" data-date=\"2017-04-23 16:37:51\" data-filename=\"Bienen-49-760x350.jpg\" data-slide-type=\"image\"><img loading=\"lazy\" decoding=\"async\" src=\"http:\/\/www.xn--knigsbergerhof-vpb.at\/wp-content\/uploads\/2017\/04\/Bienen-49-760x350.jpg\" height=\"350\" width=\"760\" alt=\"\" class=\"slider-9 slide-112 msDefaultImage\" \/><\/li>\n                <li style=\"display: none; width: 100%;\" class=\"slide-113 ms-image \" aria-roledescription=\"slide\" data-date=\"2017-04-23 16:37:51\" data-filename=\"Inkernatklee-1-von-1-1-533x245.jpg\" data-slide-type=\"image\"><img loading=\"lazy\" decoding=\"async\" src=\"http:\/\/www.xn--knigsbergerhof-vpb.at\/wp-content\/uploads\/2017\/04\/Inkernatklee-1-von-1-1-533x245.jpg\" height=\"350\" width=\"760\" alt=\"\" class=\"slider-9 slide-113 msDefaultImage\" \/><\/li>\n                <li style=\"display: none; width: 100%;\" class=\"slide-114 ms-image \" aria-roledescription=\"slide\" data-date=\"2017-04-23 16:37:51\" data-filename=\"Honig-schleudern-5-von-9-536x246.jpg\" data-slide-type=\"image\"><img loading=\"lazy\" decoding=\"async\" src=\"http:\/\/www.xn--knigsbergerhof-vpb.at\/wp-content\/uploads\/2017\/04\/Honig-schleudern-5-von-9-536x246.jpg\" height=\"350\" width=\"760\" alt=\"\" class=\"slider-9 slide-114 msDefaultImage\" \/><\/li>\n                <li style=\"display: none; width: 100%;\" class=\"slide-115 ms-image \" aria-roledescription=\"slide\" data-date=\"2017-04-23 16:37:51\" data-filename=\"Kirschbl\u00fcte-2-von-8-760x350.jpg\" data-slide-type=\"image\"><img loading=\"lazy\" decoding=\"async\" src=\"http:\/\/www.xn--knigsbergerhof-vpb.at\/wp-content\/uploads\/2017\/04\/Kirschbl\u00fcte-2-von-8-760x350.jpg\" height=\"350\" width=\"760\" alt=\"\" class=\"slider-9 slide-115 msDefaultImage\" \/><\/li>\n                <li style=\"display: none; width: 100%;\" class=\"slide-116 ms-image \" aria-roledescription=\"slide\" data-date=\"2017-04-23 16:37:51\" data-filename=\"Raps-3-von-5-533x245.jpg\" data-slide-type=\"image\"><img loading=\"lazy\" decoding=\"async\" src=\"http:\/\/www.xn--knigsbergerhof-vpb.at\/wp-content\/uploads\/2017\/04\/Raps-3-von-5-533x245.jpg\" height=\"350\" width=\"760\" alt=\"\" class=\"slider-9 slide-116 msDefaultImage\" \/><\/li>\n                <li style=\"display: none; width: 100%;\" class=\"slide-117 ms-image \" aria-roledescription=\"slide\" data-date=\"2017-04-23 16:37:51\" data-filename=\"Wabenmuster-3-von-30-534x245.jpg\" data-slide-type=\"image\"><img loading=\"lazy\" decoding=\"async\" src=\"http:\/\/www.xn--knigsbergerhof-vpb.at\/wp-content\/uploads\/2017\/04\/Wabenmuster-3-von-30-534x245.jpg\" height=\"350\" width=\"760\" alt=\"\" class=\"slider-9 slide-117 msDefaultImage\" \/><\/li>\n            <\/ul>\n        <\/div>\n        \n    <\/div>\n<\/div>\n","protected":false},"excerpt":{"rendered":"<p>Bl\u00fctenhonig Fl\u00fcssiger Honig von der Lindenbl\u00fcte oder dem Bienenstand im Kr\u00e4utergarten der G\u00e4rtnerei Sch\u00fctzenhofer. 500g\u00a0\u00a0 7,50\u20ac 1kg\u00a0 \u00a013\u20ac Bl\u00fcte-Waldhonig Fl\u00fcssiger Honig \u2013 Eine Mischung aus Honigtauhonig und Bl\u00fctenhonig. 250g\u00a0 5,--\u20ac\u00a0 \u00a0 \u00a0 \u00a0 \u00a0 \u00a0 \u00a0 \u00a0 \u00a0 \u00a0 \u00a0 \u00a0 \u00a0 500g\u00a0\u00a0 7,50\u20ac 1kg\u00a0 \u00a013\u20ac Waldhonig Dunkelfl\u00fcssiger Honig, Honigtauhonig. In unserer Gegend honigt der <a href=\"http:\/\/www.xn--knigsbergerhof-vpb.at\/?page_id=121\" class=\"more-link\">...weiterlesen<span class=\"screen-reader-text\"> \"Klassische Honige\"<\/span><\/a><\/p>\n","protected":false},"author":1,"featured_media":0,"parent":0,"menu_order":0,"comment_status":"closed","ping_status":"closed","template":"","meta":{"_bbp_topic_count":0,"_bbp_reply_count":0,"_bbp_total_topic_count":0,"_bbp_total_reply_count":0,"_bbp_voice_count":0,"_bbp_anonymous_reply_count":0,"_bbp_topic_count_hidden":0,"_bbp_reply_count_hidden":0,"_bbp_forum_subforum_count":0,"footnotes":""},"class_list":["post-121","page","type-page","status-publish","h-entry","hentry","h-as-page"],"amp_enabled":true,"_links":{"self":[{"href":"http:\/\/www.xn--knigsbergerhof-vpb.at\/index.php?rest_route=\/wp\/v2\/pages\/121","targetHints":{"allow":["GET"]}}],"collection":[{"href":"http:\/\/www.xn--knigsbergerhof-vpb.at\/index.php?rest_route=\/wp\/v2\/pages"}],"about":[{"href":"http:\/\/www.xn--knigsbergerhof-vpb.at\/index.php?rest_route=\/wp\/v2\/types\/page"}],"author":[{"embeddable":true,"href":"http:\/\/www.xn--knigsbergerhof-vpb.at\/index.php?rest_route=\/wp\/v2\/users\/1"}],"replies":[{"embeddable":true,"href":"http:\/\/www.xn--knigsbergerhof-vpb.at\/index.php?rest_route=%2Fwp%2Fv2%2Fcomments&post=121"}],"version-history":[{"count":22,"href":"http:\/\/www.xn--knigsbergerhof-vpb.at\/index.php?rest_route=\/wp\/v2\/pages\/121\/revisions"}],"predecessor-version":[{"id":1006,"href":"http:\/\/www.xn--knigsbergerhof-vpb.at\/index.php?rest_route=\/wp\/v2\/pages\/121\/revisions\/1006"}],"wp:attachment":[{"href":"http:\/\/www.xn--knigsbergerhof-vpb.at\/index.php?rest_route=%2Fwp%2Fv2%2Fmedia&parent=121"}],"curies":[{"name":"wp","href":"https:\/\/api.w.org\/{rel}","templated":true}]}}