{"id":195,"date":"2017-11-26T11:46:31","date_gmt":"2017-11-26T10:46:31","guid":{"rendered":"http:\/\/www.xn--knigsbergerhof-vpb.at\/?page_id=195"},"modified":"2021-10-13T14:56:15","modified_gmt":"2021-10-13T12:56:15","slug":"ausbildung","status":"publish","type":"page","link":"http:\/\/www.xn--knigsbergerhof-vpb.at\/?page_id=195","title":{"rendered":"Werdegang und Ausbildung"},"content":{"rendered":"<ul style=\"list-style-type: square;\">\n<li>Entwicklung meiner Bienenv\u00f6lker: Von 2 auf 100<\/li>\n<li>Imkerfachausbildung: \"Ausgezeichneter Erfolg\"<\/li>\n<li>Vollerwerbsimker: ab 1.1.2018<\/li>\n<li>Mitarbeiter\/innen: Breite Unterst\u00fctzung durch die Familie<\/li>\n<\/ul>\n<p>Begonnen habe ich mit dem Aufbau der Imkerei mit <strong>2<\/strong> Bienenv\u00f6lker im Herbst 2005. In den n\u00e4chsten Jahren erh\u00f6hte ich die Anzahl der V\u00f6lker durch Schw\u00e4rme und Ablegerbildung auf <strong>10<\/strong>.<\/p>\n<p><img loading=\"lazy\" decoding=\"async\" class=\"alignnone  wp-image-266\" src=\"http:\/\/www.xn--knigsbergerhof-vpb.at\/wp-content\/uploads\/2017\/12\/Facharbeiterbrief-300x200.jpg\" alt=\"\" width=\"623\" height=\"415\" srcset=\"http:\/\/www.xn--knigsbergerhof-vpb.at\/wp-content\/uploads\/2017\/12\/Facharbeiterbrief-300x200.jpg 300w, http:\/\/www.xn--knigsbergerhof-vpb.at\/wp-content\/uploads\/2017\/12\/Facharbeiterbrief-768x512.jpg 768w, http:\/\/www.xn--knigsbergerhof-vpb.at\/wp-content\/uploads\/2017\/12\/Facharbeiterbrief.jpg 800w\" sizes=\"auto, (max-width: 623px) 100vw, 623px\" \/><\/p>\n<p>Durch die Ausbildung zum <strong>Imkerfacharbeiter<\/strong>, die ich im Oktober 2012 mit \"<strong>Ausgezeichnetem Erfolg\" <\/strong>abschloss, entstand in mir Lust und Begeisterung nach mehr. Mit der <strong>Leidenschaft zur Imkerei<\/strong> und der <strong>Liebe zur Natur<\/strong> nahm ich mir immer mehr Zeit zum Imkern und erh\u00f6hte die Anzahl der Bienenv\u00f6lker auf <strong>100<\/strong>. Unser Sohn ist mit Leib und Seele Landwirt und steht als Landwirtschaftsmeister in den Startl\u00f6chern unseren Vierkanter zu \u00fcbernehmen und weiter zu f\u00fchren. So kann ich meinen Traum wahr machen und werde mit 1.1.2018 <strong>Vollerwerbsimker<\/strong>. Den Grundstein dazu wurde durch die V\u00f6lkervermehrung bereits 2017 gelegt.<\/p>\n<p>In der Imkerei unterst\u00fctzt mich meine Familie, besonders meine Frau Maria beim: Schleudern, Honig abf\u00fcllen, Etikettieren, Gl\u00e4ser waschen u.v.m.<\/p>\n","protected":false},"excerpt":{"rendered":"<p>Entwicklung meiner Bienenv\u00f6lker: Von 2 auf 100 Imkerfachausbildung: \"Ausgezeichneter Erfolg\" Vollerwerbsimker: ab 1.1.2018 Mitarbeiter\/innen: Breite Unterst\u00fctzung durch die Familie Begonnen habe ich mit dem Aufbau der Imkerei mit 2 Bienenv\u00f6lker im Herbst 2005. In den n\u00e4chsten Jahren erh\u00f6hte ich die Anzahl der V\u00f6lker durch Schw\u00e4rme und Ablegerbildung auf 10. Durch die Ausbildung zum Imkerfacharbeiter, die <a href=\"http:\/\/www.xn--knigsbergerhof-vpb.at\/?page_id=195\" class=\"more-link\">...weiterlesen<span class=\"screen-reader-text\"> \"Werdegang und Ausbildung\"<\/span><\/a><\/p>\n","protected":false},"author":1,"featured_media":0,"parent":2,"menu_order":0,"comment_status":"closed","ping_status":"closed","template":"","meta":{"_bbp_topic_count":0,"_bbp_reply_count":0,"_bbp_total_topic_count":0,"_bbp_total_reply_count":0,"_bbp_voice_count":0,"_bbp_anonymous_reply_count":0,"_bbp_topic_count_hidden":0,"_bbp_reply_count_hidden":0,"_bbp_forum_subforum_count":0,"footnotes":""},"class_list":["post-195","page","type-page","status-publish","h-entry","hentry","h-as-page"],"amp_enabled":true,"_links":{"self":[{"href":"http:\/\/www.xn--knigsbergerhof-vpb.at\/index.php?rest_route=\/wp\/v2\/pages\/195","targetHints":{"allow":["GET"]}}],"collection":[{"href":"http:\/\/www.xn--knigsbergerhof-vpb.at\/index.php?rest_route=\/wp\/v2\/pages"}],"about":[{"href":"http:\/\/www.xn--knigsbergerhof-vpb.at\/index.php?rest_route=\/wp\/v2\/types\/page"}],"author":[{"embeddable":true,"href":"http:\/\/www.xn--knigsbergerhof-vpb.at\/index.php?rest_route=\/wp\/v2\/users\/1"}],"replies":[{"embeddable":true,"href":"http:\/\/www.xn--knigsbergerhof-vpb.at\/index.php?rest_route=%2Fwp%2Fv2%2Fcomments&post=195"}],"version-history":[{"count":6,"href":"http:\/\/www.xn--knigsbergerhof-vpb.at\/index.php?rest_route=\/wp\/v2\/pages\/195\/revisions"}],"predecessor-version":[{"id":666,"href":"http:\/\/www.xn--knigsbergerhof-vpb.at\/index.php?rest_route=\/wp\/v2\/pages\/195\/revisions\/666"}],"up":[{"embeddable":true,"href":"http:\/\/www.xn--knigsbergerhof-vpb.at\/index.php?rest_route=\/wp\/v2\/pages\/2"}],"wp:attachment":[{"href":"http:\/\/www.xn--knigsbergerhof-vpb.at\/index.php?rest_route=%2Fwp%2Fv2%2Fmedia&parent=195"}],"curies":[{"name":"wp","href":"https:\/\/api.w.org\/{rel}","templated":true}]}}