{"id":277,"date":"2017-12-03T19:42:12","date_gmt":"2017-12-03T18:42:12","guid":{"rendered":"http:\/\/www.xn--knigsbergerhof-vpb.at\/?page_id=277"},"modified":"2023-10-17T08:02:54","modified_gmt":"2023-10-17T06:02:54","slug":"propolis","status":"publish","type":"page","link":"http:\/\/www.xn--knigsbergerhof-vpb.at\/?page_id=277","title":{"rendered":"Propolis, Perga &#8211; &#8222;Bienenbrot&#8220;"},"content":{"rendered":"<p style=\"text-align: left;\">Propolis ist eine von Bienen hergestellte harzartige Masse mit<\/p>\n<ul style=\"list-style-type: square;\">\n<li style=\"list-style-type: none;\">\n<ul style=\"list-style-type: square;\">\n<li style=\"text-align: left;\"><a title=\"Antibiotikum\" href=\"https:\/\/de.wikipedia.org\/wiki\/Antibiotikum\" target=\"_blank\" rel=\"noopener noreferrer\">antibiotischer<\/a><\/li>\n<\/ul>\n<\/li>\n<\/ul>\n<ul style=\"list-style-type: square;\">\n<li style=\"list-style-type: none;\">\n<ul style=\"list-style-type: square;\">\n<li style=\"text-align: left;\"><a title=\"Virostatikum\" href=\"https:\/\/de.wikipedia.org\/wiki\/Virostatikum\" target=\"_blank\" rel=\"noopener noreferrer\">antiviraler<\/a><\/li>\n<\/ul>\n<\/li>\n<\/ul>\n<ul style=\"list-style-type: square;\">\n<li style=\"text-align: left;\"><a title=\"Antimykotikum\" href=\"https:\/\/de.wikipedia.org\/wiki\/Antimykotikum\" target=\"_blank\" rel=\"noopener noreferrer\">antimykotischer<\/a><\/li>\n<\/ul>\n<p>Wirkung.<\/p>\n<p>Bei uns erhalten Sie diverse naturechte Propolis-Produkte - z.B. Propolistropfen 30ml \u20ac 11--. Eine Anfrage lohnt sich!<\/p>\n<p>Wenn Sie mehr Details wissen wollen:\u00a0<a href=\"https:\/\/de.wikipedia.org\/wiki\/Propolis\" target=\"_blank\" rel=\"noopener noreferrer\">Was ist \"Propolis\"?<\/a><\/p>\n<table style=\"border-collapse: collapse; width: 92.64%; height: 144px;\">\n<tbody>\n<tr style=\"height: 144px;\">\n<td style=\"width: 41.04%; height: 144px;\">\n<p style=\"text-align: center;\"><strong>Propolistropfen<\/strong><\/p>\n<p style=\"text-align: center;\"><strong>30ml\u00a0\u00a0\u00a0 \u20ac\u00a0 11,--<\/strong><\/p>\n<\/td>\n<td style=\"width: 51.5438%; height: 144px;\"><img loading=\"lazy\" decoding=\"async\" class=\"alignnone size-medium wp-image-845\" src=\"http:\/\/www.xn--knigsbergerhof-vpb.at\/wp-content\/uploads\/2023\/10\/unbenannt-6-von-19-300x200.jpg\" alt=\"\" width=\"300\" height=\"200\" srcset=\"http:\/\/www.xn--knigsbergerhof-vpb.at\/wp-content\/uploads\/2023\/10\/unbenannt-6-von-19-300x200.jpg 300w, http:\/\/www.xn--knigsbergerhof-vpb.at\/wp-content\/uploads\/2023\/10\/unbenannt-6-von-19-1024x683.jpg 1024w, http:\/\/www.xn--knigsbergerhof-vpb.at\/wp-content\/uploads\/2023\/10\/unbenannt-6-von-19-768x513.jpg 768w, http:\/\/www.xn--knigsbergerhof-vpb.at\/wp-content\/uploads\/2023\/10\/unbenannt-6-von-19-1536x1025.jpg 1536w, http:\/\/www.xn--knigsbergerhof-vpb.at\/wp-content\/uploads\/2023\/10\/unbenannt-6-von-19-2048x1367.jpg 2048w, http:\/\/www.xn--knigsbergerhof-vpb.at\/wp-content\/uploads\/2023\/10\/unbenannt-6-von-19-960x641.jpg 960w\" sizes=\"auto, (max-width: 300px) 100vw, 300px\" \/><\/td>\n<\/tr>\n<\/tbody>\n<\/table>\n<p>Das Bienenbrot, das sogenannte Perga, ist der von den Bienen gesammelte und in den Waben fermentierte Bl\u00fctenpollen. Aufgrund der Verarbeitung durch die Bienen k\u00f6nnen die fermentierten Bl\u00fctenpollen - das Bienenbrot- vom menschlichen K\u00f6rper vollst\u00e4ndig verarbeitet werden.<\/p>\n<p>Bienenbrot enth\u00e4lt wertvolle Inhaltsstoffe wie Eiwei\u00dfe, Enzyme, Vitamine und Mineralstoffe und stellt damit eine hochwertige Nahrungserg\u00e4nzung dar.<\/p>\n<table style=\"border-collapse: collapse; width: 92.64%; height: 142px;\">\n<tbody>\n<tr style=\"height: 142px;\">\n<td style=\"width: 40.9308%; height: 142px;\"><strong>\u00a0\u00a0\u00a0 \u00a0\u00a0 \u00a0\u00a0 Perga -\"Bienenbrot\"<\/strong><br \/>\n<strong>\u00a0\u00a0\u00a0\u00a0\u00a0\u00a0\u00a0\u00a0\u00a0\u00a0\u00a0\u00a0\u00a0\u00a0\u00a0\u00a0\u00a0 <\/strong><\/p>\n<p style=\"text-align: center;\"><strong>60g\u00a0 \u20ac\u00a0 8,--<\/strong><\/p>\n<p style=\"text-align: center;\"><strong>100g\u00a0 \u20ac 12,--<\/strong><\/p>\n<\/td>\n<td style=\"width: 51.7092%; height: 142px;\"><img loading=\"lazy\" decoding=\"async\" class=\"alignnone size-medium wp-image-844\" src=\"http:\/\/www.xn--knigsbergerhof-vpb.at\/wp-content\/uploads\/2023\/10\/unbenannt-5-von-19-300x200.jpg\" alt=\"\" width=\"300\" height=\"200\" srcset=\"http:\/\/www.xn--knigsbergerhof-vpb.at\/wp-content\/uploads\/2023\/10\/unbenannt-5-von-19-300x200.jpg 300w, http:\/\/www.xn--knigsbergerhof-vpb.at\/wp-content\/uploads\/2023\/10\/unbenannt-5-von-19-1024x683.jpg 1024w, http:\/\/www.xn--knigsbergerhof-vpb.at\/wp-content\/uploads\/2023\/10\/unbenannt-5-von-19-768x513.jpg 768w, http:\/\/www.xn--knigsbergerhof-vpb.at\/wp-content\/uploads\/2023\/10\/unbenannt-5-von-19-1536x1025.jpg 1536w, http:\/\/www.xn--knigsbergerhof-vpb.at\/wp-content\/uploads\/2023\/10\/unbenannt-5-von-19-2048x1367.jpg 2048w, http:\/\/www.xn--knigsbergerhof-vpb.at\/wp-content\/uploads\/2023\/10\/unbenannt-5-von-19-960x641.jpg 960w\" sizes=\"auto, (max-width: 300px) 100vw, 300px\" \/><\/td>\n<\/tr>\n<\/tbody>\n<\/table>\n<table style=\"border-collapse: collapse; width: 92.48%; height: 137px;\">\n<tbody>\n<tr style=\"height: 137px;\">\n<td style=\"width: 40.56%; height: 137px;\"><strong>\u00a0\u00a0\u00a0\u00a0\u00a0\u00a0\u00a0\u00a0 Perga-\"Bienenbrot\"<\/strong><br \/>\n<strong>\u00a0\u00a0\u00a0\u00a0\u00a0\u00a0\u00a0\u00a0\u00a0\u00a0\u00a0\u00a0\u00a0\u00a0\u00a0\u00a0\u00a0\u00a0 gemahlen<\/strong><\/p>\n<p style=\"text-align: center;\"><strong>60g\u00a0 \u20ac\u00a0 8,--<\/strong><\/p>\n<p style=\"text-align: center;\"><strong>100g\u00a0 \u20ac 12,--<\/strong><\/p>\n<\/td>\n<td style=\"width: 51.8952%; height: 137px;\"><img loading=\"lazy\" decoding=\"async\" class=\"alignnone size-medium wp-image-842\" src=\"http:\/\/www.xn--knigsbergerhof-vpb.at\/wp-content\/uploads\/2023\/10\/unbenannt-3-von-19-300x200.jpg\" alt=\"\" width=\"300\" height=\"200\" srcset=\"http:\/\/www.xn--knigsbergerhof-vpb.at\/wp-content\/uploads\/2023\/10\/unbenannt-3-von-19-300x200.jpg 300w, http:\/\/www.xn--knigsbergerhof-vpb.at\/wp-content\/uploads\/2023\/10\/unbenannt-3-von-19-1024x683.jpg 1024w, http:\/\/www.xn--knigsbergerhof-vpb.at\/wp-content\/uploads\/2023\/10\/unbenannt-3-von-19-768x513.jpg 768w, http:\/\/www.xn--knigsbergerhof-vpb.at\/wp-content\/uploads\/2023\/10\/unbenannt-3-von-19-1536x1025.jpg 1536w, http:\/\/www.xn--knigsbergerhof-vpb.at\/wp-content\/uploads\/2023\/10\/unbenannt-3-von-19-2048x1367.jpg 2048w, http:\/\/www.xn--knigsbergerhof-vpb.at\/wp-content\/uploads\/2023\/10\/unbenannt-3-von-19-960x641.jpg 960w\" sizes=\"auto, (max-width: 300px) 100vw, 300px\" \/><\/td>\n<\/tr>\n<\/tbody>\n<\/table>\n<table style=\"border-collapse: collapse; width: 92%; height: 145px;\">\n<tbody>\n<tr style=\"height: 145px;\">\n<td style=\"width: 40.56%; height: 145px;\">\n<p style=\"text-align: center;\"><strong>Cremehonig<\/strong><\/p>\n<p style=\"text-align: center;\"><strong>mit 10% Perga<\/strong><\/p>\n<p style=\"text-align: center;\"><strong>230g\u00a0\u00a0\u00a0 \u20ac\u00a0 10,--<\/strong><\/p>\n<\/td>\n<td style=\"width: 51.44%; height: 145px;\"><img loading=\"lazy\" decoding=\"async\" class=\"alignnone size-medium wp-image-840\" src=\"http:\/\/www.xn--knigsbergerhof-vpb.at\/wp-content\/uploads\/2023\/10\/unbenannt-1-von-19-300x200.jpg\" alt=\"\" width=\"300\" height=\"200\" srcset=\"http:\/\/www.xn--knigsbergerhof-vpb.at\/wp-content\/uploads\/2023\/10\/unbenannt-1-von-19-300x200.jpg 300w, http:\/\/www.xn--knigsbergerhof-vpb.at\/wp-content\/uploads\/2023\/10\/unbenannt-1-von-19-1024x683.jpg 1024w, http:\/\/www.xn--knigsbergerhof-vpb.at\/wp-content\/uploads\/2023\/10\/unbenannt-1-von-19-768x512.jpg 768w, http:\/\/www.xn--knigsbergerhof-vpb.at\/wp-content\/uploads\/2023\/10\/unbenannt-1-von-19-1536x1025.jpg 1536w, http:\/\/www.xn--knigsbergerhof-vpb.at\/wp-content\/uploads\/2023\/10\/unbenannt-1-von-19-2048x1367.jpg 2048w, http:\/\/www.xn--knigsbergerhof-vpb.at\/wp-content\/uploads\/2023\/10\/unbenannt-1-von-19-960x641.jpg 960w\" sizes=\"auto, (max-width: 300px) 100vw, 300px\" \/><\/td>\n<\/tr>\n<\/tbody>\n<\/table>\n<p>&nbsp;<\/p>\n","protected":false},"excerpt":{"rendered":"<p>Propolis ist eine von Bienen hergestellte harzartige Masse mit antibiotischer antiviraler antimykotischer Wirkung. Bei uns erhalten Sie diverse naturechte Propolis-Produkte - z.B. Propolistropfen 30ml \u20ac 11--. Eine Anfrage lohnt sich! Wenn Sie mehr Details wissen wollen:\u00a0Was ist \"Propolis\"? Propolistropfen 30ml\u00a0\u00a0\u00a0 \u20ac\u00a0 11,-- Das Bienenbrot, das sogenannte Perga, ist der von den Bienen gesammelte und in <a href=\"http:\/\/www.xn--knigsbergerhof-vpb.at\/?page_id=277\" class=\"more-link\">...weiterlesen<span class=\"screen-reader-text\"> \"Propolis, Perga &#8211; &#8222;Bienenbrot&#8220;\"<\/span><\/a><\/p>\n","protected":false},"author":1,"featured_media":0,"parent":0,"menu_order":0,"comment_status":"closed","ping_status":"closed","template":"","meta":{"_bbp_topic_count":0,"_bbp_reply_count":0,"_bbp_total_topic_count":0,"_bbp_total_reply_count":0,"_bbp_voice_count":0,"_bbp_anonymous_reply_count":0,"_bbp_topic_count_hidden":0,"_bbp_reply_count_hidden":0,"_bbp_forum_subforum_count":0,"footnotes":""},"class_list":["post-277","page","type-page","status-publish","h-entry","hentry","h-as-page"],"amp_enabled":true,"_links":{"self":[{"href":"http:\/\/www.xn--knigsbergerhof-vpb.at\/index.php?rest_route=\/wp\/v2\/pages\/277","targetHints":{"allow":["GET"]}}],"collection":[{"href":"http:\/\/www.xn--knigsbergerhof-vpb.at\/index.php?rest_route=\/wp\/v2\/pages"}],"about":[{"href":"http:\/\/www.xn--knigsbergerhof-vpb.at\/index.php?rest_route=\/wp\/v2\/types\/page"}],"author":[{"embeddable":true,"href":"http:\/\/www.xn--knigsbergerhof-vpb.at\/index.php?rest_route=\/wp\/v2\/users\/1"}],"replies":[{"embeddable":true,"href":"http:\/\/www.xn--knigsbergerhof-vpb.at\/index.php?rest_route=%2Fwp%2Fv2%2Fcomments&post=277"}],"version-history":[{"count":7,"href":"http:\/\/www.xn--knigsbergerhof-vpb.at\/index.php?rest_route=\/wp\/v2\/pages\/277\/revisions"}],"predecessor-version":[{"id":865,"href":"http:\/\/www.xn--knigsbergerhof-vpb.at\/index.php?rest_route=\/wp\/v2\/pages\/277\/revisions\/865"}],"wp:attachment":[{"href":"http:\/\/www.xn--knigsbergerhof-vpb.at\/index.php?rest_route=%2Fwp%2Fv2%2Fmedia&parent=277"}],"curies":[{"name":"wp","href":"https:\/\/api.w.org\/{rel}","templated":true}]}}