{"id":45,"date":"2017-04-23T11:09:57","date_gmt":"2017-04-23T09:09:57","guid":{"rendered":"http:\/\/www.xn--knigsbergerhof-vpb.at\/?page_id=45"},"modified":"2023-10-17T08:21:34","modified_gmt":"2023-10-17T06:21:34","slug":"kontakt","status":"publish","type":"page","link":"http:\/\/www.xn--knigsbergerhof-vpb.at\/?page_id=45","title":{"rendered":"Kontakt"},"content":{"rendered":"<p style=\"text-align: left;\">Sie k\u00f6nnen uns gerne kontaktieren, wenn Sie:<\/p>\n<ul style=\"text-align: left;\">\n<li>Anfragen zu unseren Produkten haben.<\/li>\n<li>unseren Betrieb kennen lernen m\u00f6chten oder<\/li>\n<li>Produkte kaufen wollen.<\/li>\n<\/ul>\n<p style=\"text-align: left;\"><strong>Neumaier Maria und Gerhard<\/strong><\/p>\n<p style=\"text-align: left;\">Am K\u00f6nigsberg 1\u00a0 (vormals Gerersdorf 27)<br \/>\n4531 Kematen\/Krems<br \/>\n+43664\/73056066<br \/>\n<a href=\"mailto:gerhard.neumaier13@gmail.com\">gerhard.neumaier13@gmail.com<\/a><\/p>\n<p><img loading=\"lazy\" decoding=\"async\" class=\"alignnone size-medium wp-image-363\" src=\"http:\/\/www.xn--knigsbergerhof-vpb.at\/wp-content\/uploads\/2017\/12\/Logo_blauwabe_mitDaten-300x195.jpg\" alt=\"\" width=\"300\" height=\"195\" srcset=\"http:\/\/www.xn--knigsbergerhof-vpb.at\/wp-content\/uploads\/2017\/12\/Logo_blauwabe_mitDaten-300x195.jpg 300w, http:\/\/www.xn--knigsbergerhof-vpb.at\/wp-content\/uploads\/2017\/12\/Logo_blauwabe_mitDaten-768x498.jpg 768w, http:\/\/www.xn--knigsbergerhof-vpb.at\/wp-content\/uploads\/2017\/12\/Logo_blauwabe_mitDaten-1024x664.jpg 1024w, http:\/\/www.xn--knigsbergerhof-vpb.at\/wp-content\/uploads\/2017\/12\/Logo_blauwabe_mitDaten-960x622.jpg 960w, http:\/\/www.xn--knigsbergerhof-vpb.at\/wp-content\/uploads\/2017\/12\/Logo_blauwabe_mitDaten.jpg 1291w\" sizes=\"auto, (max-width: 300px) 100vw, 300px\" \/><\/p>\n<p>&nbsp;<\/p>\n","protected":false},"excerpt":{"rendered":"<p>Sie k\u00f6nnen uns gerne kontaktieren, wenn Sie: Anfragen zu unseren Produkten haben. unseren Betrieb kennen lernen m\u00f6chten oder Produkte kaufen wollen. Neumaier Maria und Gerhard Am K\u00f6nigsberg 1\u00a0 (vormals Gerersdorf 27) 4531 Kematen\/Krems +43664\/73056066 gerhard.neumaier13@gmail.com &nbsp;<\/p>\n","protected":false},"author":1,"featured_media":0,"parent":0,"menu_order":0,"comment_status":"closed","ping_status":"closed","template":"","meta":{"_bbp_topic_count":0,"_bbp_reply_count":0,"_bbp_total_topic_count":0,"_bbp_total_reply_count":0,"_bbp_voice_count":0,"_bbp_anonymous_reply_count":0,"_bbp_topic_count_hidden":0,"_bbp_reply_count_hidden":0,"_bbp_forum_subforum_count":0,"footnotes":""},"class_list":["post-45","page","type-page","status-publish","h-entry","hentry","h-as-page"],"amp_enabled":true,"_links":{"self":[{"href":"http:\/\/www.xn--knigsbergerhof-vpb.at\/index.php?rest_route=\/wp\/v2\/pages\/45","targetHints":{"allow":["GET"]}}],"collection":[{"href":"http:\/\/www.xn--knigsbergerhof-vpb.at\/index.php?rest_route=\/wp\/v2\/pages"}],"about":[{"href":"http:\/\/www.xn--knigsbergerhof-vpb.at\/index.php?rest_route=\/wp\/v2\/types\/page"}],"author":[{"embeddable":true,"href":"http:\/\/www.xn--knigsbergerhof-vpb.at\/index.php?rest_route=\/wp\/v2\/users\/1"}],"replies":[{"embeddable":true,"href":"http:\/\/www.xn--knigsbergerhof-vpb.at\/index.php?rest_route=%2Fwp%2Fv2%2Fcomments&post=45"}],"version-history":[{"count":6,"href":"http:\/\/www.xn--knigsbergerhof-vpb.at\/index.php?rest_route=\/wp\/v2\/pages\/45\/revisions"}],"predecessor-version":[{"id":869,"href":"http:\/\/www.xn--knigsbergerhof-vpb.at\/index.php?rest_route=\/wp\/v2\/pages\/45\/revisions\/869"}],"wp:attachment":[{"href":"http:\/\/www.xn--knigsbergerhof-vpb.at\/index.php?rest_route=%2Fwp%2Fv2%2Fmedia&parent=45"}],"curies":[{"name":"wp","href":"https:\/\/api.w.org\/{rel}","templated":true}]}}